{"id":1785,"date":"2023-11-02T10:30:08","date_gmt":"2023-11-02T10:30:08","guid":{"rendered":"https:\/\/betting-software.online\/?page_id=1785"},"modified":"2025-09-04T07:33:52","modified_gmt":"2025-09-04T07:33:52","slug":"impressum","status":"publish","type":"page","link":"https:\/\/betting-software.online\/es\/impressum\/","title":{"rendered":"Impresionante"},"content":{"rendered":"<div data-elementor-type=\"wp-page\" data-elementor-id=\"1785\" class=\"elementor elementor-1785\" data-elementor-settings=\"{&quot;ha_cmc_init_switcher&quot;:&quot;no&quot;}\" data-elementor-post-type=\"page\">\n\t\t\t\t<div class=\"elementor-element elementor-element-3406c92 e-flex e-con-boxed e-con e-parent\" data-id=\"3406c92\" data-element_type=\"container\" data-e-type=\"container\" data-settings=\"{&quot;_ha_eqh_enable&quot;:false}\">\n\t\t\t\t\t<div class=\"e-con-inner\">\n\t\t\t\t<div class=\"elementor-element elementor-element-84fa69b elementor-widget elementor-widget-heading\" data-id=\"84fa69b\" data-element_type=\"widget\" data-e-type=\"widget\" data-widget_type=\"heading.default\">\n\t\t\t\t<div class=\"elementor-widget-container\">\n\t\t\t\t\t<h1 class=\"elementor-heading-title elementor-size-default\">Impressum \u2014 BSW<\/h1>\t\t\t\t<\/div>\n\t\t\t\t<\/div>\n\t\t\t\t\t<\/div>\n\t\t\t\t<\/div>\n\t\t<div class=\"elementor-element elementor-element-3ceed85 e-flex e-con-boxed e-con e-parent\" data-id=\"3ceed85\" data-element_type=\"container\" data-e-type=\"container\" data-settings=\"{&quot;_ha_eqh_enable&quot;:false}\">\n\t\t\t\t\t<div class=\"e-con-inner\">\n\t\t<div class=\"elementor-element elementor-element-943eff1 e-flex e-con-boxed e-con e-child\" data-id=\"943eff1\" data-element_type=\"container\" data-e-type=\"container\" data-settings=\"{&quot;background_background&quot;:&quot;classic&quot;,&quot;_ha_eqh_enable&quot;:false}\">\n\t\t\t\t\t<div class=\"e-con-inner\">\n\t\t\t\t<div class=\"elementor-element elementor-element-adcda23 elementor-widget__width-inherit elementor-widget-tablet__width-initial elementor-widget elementor-widget-text-editor\" data-id=\"adcda23\" data-element_type=\"widget\" data-e-type=\"widget\" data-widget_type=\"text-editor.default\">\n\t\t\t\t<div class=\"elementor-widget-container\">\n\t\t\t\t\t\t\t\t\t<p>Company:<\/p><p>Name:<\/p><p>Address:<\/p><p>\u00a0<\/p><p>Phone:<\/p><p>E-mail:<\/p>\t\t\t\t\t\t\t\t<\/div>\n\t\t\t\t<\/div>\n\t\t\t\t<div class=\"elementor-element elementor-element-9be9db0 elementor-widget__width-inherit elementor-widget-mobile__width-initial elementor-widget elementor-widget-text-editor\" data-id=\"9be9db0\" data-element_type=\"widget\" data-e-type=\"widget\" data-widget_type=\"text-editor.default\">\n\t\t\t\t<div class=\"elementor-widget-container\">\n\t\t\t\t\t\t\t\t\t<p>Ikset<\/p><p>Alexandr Semenko<\/p><p>Albrecht D\u00fcrer Stra\u00dfe 7<\/p><p>90403 N\u00fcrnberg<\/p><p>+77474075422<\/p><p>artem@ikset.com<\/p>\t\t\t\t\t\t\t\t<\/div>\n\t\t\t\t<\/div>\n\t\t\t\t\t<\/div>\n\t\t\t\t<\/div>\n\t\t\t\t\t<\/div>\n\t\t\t\t<\/div>\n\t\t\t\t<\/div>","protected":false},"excerpt":{"rendered":"<p>Impressum \u2014 BSW Company: Name: Address: \u00a0 Phone: E-mail: Ikset Alexandr Semenko Albrecht D\u00fcrer Stra\u00dfe 7 90403 N\u00fcrnberg +77474075422 artem@ikset.com<\/p>","protected":false},"author":1,"featured_media":0,"parent":0,"menu_order":0,"comment_status":"closed","ping_status":"closed","template":"","meta":{"_crdt_document":"","footnotes":""},"class_list":["post-1785","page","type-page","status-publish","hentry"],"yoast_head":"<!-- This site is optimized with the Yoast SEO plugin v27.3 - https:\/\/yoast.com\/product\/yoast-seo-wordpress\/ -->\n<title>Impressum - Betting Software | BSW | integrate live casino<\/title>\n<meta name=\"description\" content=\"Insights from BSW on casino &amp; sportsbook tech, growth and integrations. Practical tips to build and scale your iGaming business.\" \/>\n<meta name=\"robots\" content=\"index, follow, max-snippet:-1, max-image-preview:large, max-video-preview:-1\" \/>\n<link rel=\"canonical\" href=\"https:\/\/betting-software.online\/es\/impressum\/\" \/>\n<meta property=\"og:locale\" content=\"es_ES\" \/>\n<meta property=\"og:type\" content=\"article\" \/>\n<meta property=\"og:title\" content=\"Impressum - Betting Software | BSW | integrate live casino\" \/>\n<meta property=\"og:description\" content=\"Insights from BSW on casino &amp; sportsbook tech, growth and integrations. Practical tips to build and scale your iGaming business.\" \/>\n<meta property=\"og:url\" content=\"https:\/\/betting-software.online\/es\/impressum\/\" \/>\n<meta property=\"og:site_name\" content=\"Betting Software | BSW\" \/>\n<meta property=\"article:publisher\" content=\"https:\/\/www.facebook.com\/betronic.co\" \/>\n<meta property=\"article:modified_time\" content=\"2025-09-04T07:33:52+00:00\" \/>\n<meta name=\"twitter:card\" content=\"summary_large_image\" \/>\n<meta name=\"twitter:label1\" content=\"Tiempo de lectura\" \/>\n\t<meta name=\"twitter:data1\" content=\"1 minuto\" \/>\n<script type=\"application\/ld+json\" class=\"yoast-schema-graph\">{\"@context\":\"https:\\\/\\\/schema.org\",\"@graph\":[{\"@type\":\"WebPage\",\"@id\":\"https:\\\/\\\/betting-software.online\\\/impressum\\\/\",\"url\":\"https:\\\/\\\/betting-software.online\\\/impressum\\\/\",\"name\":\"Impressum - Betting Software | BSW | integrate live casino\",\"isPartOf\":{\"@id\":\"https:\\\/\\\/betting-software.online\\\/#website\"},\"datePublished\":\"2023-11-02T10:30:08+00:00\",\"dateModified\":\"2025-09-04T07:33:52+00:00\",\"description\":\"Insights from BSW on casino & sportsbook tech, growth and integrations. Practical tips to build and scale your iGaming business.\",\"breadcrumb\":{\"@id\":\"https:\\\/\\\/betting-software.online\\\/impressum\\\/#breadcrumb\"},\"inLanguage\":\"es-AR\",\"potentialAction\":[{\"@type\":\"ReadAction\",\"target\":[\"https:\\\/\\\/betting-software.online\\\/impressum\\\/\"]}]},{\"@type\":\"BreadcrumbList\",\"@id\":\"https:\\\/\\\/betting-software.online\\\/impressum\\\/#breadcrumb\",\"itemListElement\":[{\"@type\":\"ListItem\",\"position\":1,\"name\":\"Home\",\"item\":\"https:\\\/\\\/betting-software.online\\\/\"},{\"@type\":\"ListItem\",\"position\":2,\"name\":\"Impressum\"}]},{\"@type\":\"WebSite\",\"@id\":\"https:\\\/\\\/betting-software.online\\\/#website\",\"url\":\"https:\\\/\\\/betting-software.online\\\/\",\"name\":\"Betting Software | BSW\",\"description\":\"\",\"publisher\":{\"@id\":\"https:\\\/\\\/betting-software.online\\\/#organization\"},\"potentialAction\":[{\"@type\":\"SearchAction\",\"target\":{\"@type\":\"EntryPoint\",\"urlTemplate\":\"https:\\\/\\\/betting-software.online\\\/?s={search_term_string}\"},\"query-input\":{\"@type\":\"PropertyValueSpecification\",\"valueRequired\":true,\"valueName\":\"search_term_string\"}}],\"inLanguage\":\"es-AR\"},{\"@type\":\"Organization\",\"@id\":\"https:\\\/\\\/betting-software.online\\\/#organization\",\"name\":\"Betting Software | BSW\",\"url\":\"https:\\\/\\\/betting-software.online\\\/\",\"logo\":{\"@type\":\"ImageObject\",\"inLanguage\":\"es-AR\",\"@id\":\"https:\\\/\\\/betting-software.online\\\/#\\\/schema\\\/logo\\\/image\\\/\",\"url\":\"https:\\\/\\\/betting-software.online\\\/wp-content\\\/uploads\\\/2023\\\/10\\\/Logo.svg\",\"contentUrl\":\"https:\\\/\\\/betting-software.online\\\/wp-content\\\/uploads\\\/2023\\\/10\\\/Logo.svg\",\"width\":255,\"height\":93,\"caption\":\"Betting Software | BSW\"},\"image\":{\"@id\":\"https:\\\/\\\/betting-software.online\\\/#\\\/schema\\\/logo\\\/image\\\/\"},\"sameAs\":[\"https:\\\/\\\/www.facebook.com\\\/betronic.co\",\"https:\\\/\\\/www.instagram.com\\\/bsw_llc\",\"https:\\\/\\\/www.linkedin.com\\\/company\\\/betronic-solutions\\\/\"]}]}<\/script>\n<!-- \/ Yoast SEO plugin. -->","yoast_head_json":{"title":"Aviso legal - Software de apuestas | BSW | Integrar casino en vivo","description":"Insights from BSW on casino & sportsbook tech, growth and integrations. Practical tips to build and scale your iGaming business.","robots":{"index":"index","follow":"follow","max-snippet":"max-snippet:-1","max-image-preview":"max-image-preview:large","max-video-preview":"max-video-preview:-1"},"canonical":"https:\/\/betting-software.online\/es\/impressum\/","og_locale":"es_ES","og_type":"article","og_title":"Impressum - Betting Software | BSW | integrate live casino","og_description":"Insights from BSW on casino & sportsbook tech, growth and integrations. Practical tips to build and scale your iGaming business.","og_url":"https:\/\/betting-software.online\/es\/impressum\/","og_site_name":"Betting Software | BSW","article_publisher":"https:\/\/www.facebook.com\/betronic.co","article_modified_time":"2025-09-04T07:33:52+00:00","twitter_card":"summary_large_image","twitter_misc":{"Tiempo de lectura":"1 minuto"},"schema":{"@context":"https:\/\/schema.org","@graph":[{"@type":"WebPage","@id":"https:\/\/betting-software.online\/impressum\/","url":"https:\/\/betting-software.online\/impressum\/","name":"Aviso legal - Software de apuestas | BSW | Integrar casino en vivo","isPartOf":{"@id":"https:\/\/betting-software.online\/#website"},"datePublished":"2023-11-02T10:30:08+00:00","dateModified":"2025-09-04T07:33:52+00:00","description":"Insights from BSW on casino & sportsbook tech, growth and integrations. Practical tips to build and scale your iGaming business.","breadcrumb":{"@id":"https:\/\/betting-software.online\/impressum\/#breadcrumb"},"inLanguage":"es-AR","potentialAction":[{"@type":"ReadAction","target":["https:\/\/betting-software.online\/impressum\/"]}]},{"@type":"BreadcrumbList","@id":"https:\/\/betting-software.online\/impressum\/#breadcrumb","itemListElement":[{"@type":"ListItem","position":1,"name":"Home","item":"https:\/\/betting-software.online\/"},{"@type":"ListItem","position":2,"name":"Impressum"}]},{"@type":"WebSite","@id":"https:\/\/betting-software.online\/#website","url":"https:\/\/betting-software.online\/","name":"Betting Software | BSW","description":"","publisher":{"@id":"https:\/\/betting-software.online\/#organization"},"potentialAction":[{"@type":"SearchAction","target":{"@type":"EntryPoint","urlTemplate":"https:\/\/betting-software.online\/?s={search_term_string}"},"query-input":{"@type":"PropertyValueSpecification","valueRequired":true,"valueName":"search_term_string"}}],"inLanguage":"es-AR"},{"@type":"Organization","@id":"https:\/\/betting-software.online\/#organization","name":"Betting Software | BSW","url":"https:\/\/betting-software.online\/","logo":{"@type":"ImageObject","inLanguage":"es-AR","@id":"https:\/\/betting-software.online\/#\/schema\/logo\/image\/","url":"https:\/\/betting-software.online\/wp-content\/uploads\/2023\/10\/Logo.svg","contentUrl":"https:\/\/betting-software.online\/wp-content\/uploads\/2023\/10\/Logo.svg","width":255,"height":93,"caption":"Betting Software | BSW"},"image":{"@id":"https:\/\/betting-software.online\/#\/schema\/logo\/image\/"},"sameAs":["https:\/\/www.facebook.com\/betronic.co","https:\/\/www.instagram.com\/bsw_llc","https:\/\/www.linkedin.com\/company\/betronic-solutions\/"]}]}},"jetpack_shortlink":"https:\/\/wp.me\/PgKU6C-sN","_links":{"self":[{"href":"https:\/\/betting-software.online\/es\/wp-json\/wp\/v2\/pages\/1785","targetHints":{"allow":["GET"]}}],"collection":[{"href":"https:\/\/betting-software.online\/es\/wp-json\/wp\/v2\/pages"}],"about":[{"href":"https:\/\/betting-software.online\/es\/wp-json\/wp\/v2\/types\/page"}],"author":[{"embeddable":true,"href":"https:\/\/betting-software.online\/es\/wp-json\/wp\/v2\/users\/1"}],"replies":[{"embeddable":true,"href":"https:\/\/betting-software.online\/es\/wp-json\/wp\/v2\/comments?post=1785"}],"version-history":[{"count":14,"href":"https:\/\/betting-software.online\/es\/wp-json\/wp\/v2\/pages\/1785\/revisions"}],"predecessor-version":[{"id":7034,"href":"https:\/\/betting-software.online\/es\/wp-json\/wp\/v2\/pages\/1785\/revisions\/7034"}],"wp:attachment":[{"href":"https:\/\/betting-software.online\/es\/wp-json\/wp\/v2\/media?parent=1785"}],"curies":[{"name":"wp","href":"https:\/\/api.w.org\/{rel}","templated":true}]}}