{"id":3810,"date":"2024-08-07T11:28:15","date_gmt":"2024-08-07T11:28:15","guid":{"rendered":"https:\/\/betting-software.online\/?page_id=3810"},"modified":"2025-09-02T10:04:36","modified_gmt":"2025-09-02T10:04:36","slug":"about-us","status":"publish","type":"page","link":"https:\/\/betting-software.online\/es\/about-us\/","title":{"rendered":"Sobre Nosotros"},"content":{"rendered":"<div data-elementor-type=\"wp-page\" data-elementor-id=\"3810\" class=\"elementor elementor-3810\" data-elementor-settings=\"{&quot;ha_cmc_init_switcher&quot;:&quot;no&quot;}\" data-elementor-post-type=\"page\">\n\t\t\t\t<div class=\"elementor-element elementor-element-5f1da7da e-flex e-con-boxed e-con e-parent\" data-id=\"5f1da7da\" data-element_type=\"container\" data-e-type=\"container\" data-settings=\"{&quot;background_background&quot;:&quot;classic&quot;,&quot;_ha_eqh_enable&quot;:false}\">\n\t\t\t\t\t<div class=\"e-con-inner\">\n\t\t<div class=\"elementor-element elementor-element-162ae7a8 e-con-full e-flex e-con e-child\" data-id=\"162ae7a8\" data-element_type=\"container\" data-e-type=\"container\" data-settings=\"{&quot;_ha_eqh_enable&quot;:false}\">\n\t\t\t\t<div class=\"elementor-element elementor-element-5b651a3d elementor-widget__width-initial elementor-widget elementor-widget-heading\" data-id=\"5b651a3d\" data-element_type=\"widget\" data-e-type=\"widget\" data-widget_type=\"heading.default\">\n\t\t\t\t<div class=\"elementor-widget-container\">\n\t\t\t\t\t<h1 class=\"elementor-heading-title elementor-size-default\">Acerca de - expertos en software de apuestas<\/h1>\t\t\t\t<\/div>\n\t\t\t\t<\/div>\n\t\t\t\t<div class=\"elementor-element elementor-element-2bf41591 elementor-widget elementor-widget-text-editor\" data-id=\"2bf41591\" data-element_type=\"widget\" data-e-type=\"widget\" data-widget_type=\"text-editor.default\">\n\t\t\t\t<div class=\"elementor-widget-container\">\n\t\t\t\t\t\t\t\t\t<p>En BSW, estamos a la vanguardia de la industria de las apuestas y el juego, proporcionando una gama completa de productos y servicios adaptados para satisfacer las necesidades del negocio de apuestas moderno. Nuestra plataforma de apuestas de \u00faltima generaci\u00f3n y nuestro avanzado software de apuestas est\u00e1n dise\u00f1ados para ofrecer una experiencia inigualable tanto a los operadores como a los usuarios.<\/p>\t\t\t\t\t\t\t\t<\/div>\n\t\t\t\t<\/div>\n\t\t\t\t<div class=\"elementor-element elementor-element-7deb469e elementor-widget elementor-widget-text-editor\" data-id=\"7deb469e\" data-element_type=\"widget\" data-e-type=\"widget\" data-widget_type=\"text-editor.default\">\n\t\t\t\t<div class=\"elementor-widget-container\">\n\t\t\t\t\t\t\t\t\t<p>Como proveedor l\u00edder de software de apuestas, nos especializamos en la creaci\u00f3n de software de sportsbook robusto que impulsa las operaciones de las casas de apuestas de primer nivel en todo el mundo. Nuestra plataforma de igaming y nuestra soluci\u00f3n de igaming garantizan una integraci\u00f3n y escalabilidad sin problemas, convirti\u00e9ndonos en la opci\u00f3n preferida para los proveedores de sportsbook que buscan mejorar sus ofertas.<\/p>\t\t\t\t\t\t\t\t<\/div>\n\t\t\t\t<\/div>\n\t\t\t\t<div class=\"elementor-element elementor-element-8a1afd4 elementor-widget elementor-widget-text-editor\" data-id=\"8a1afd4\" data-element_type=\"widget\" data-e-type=\"widget\" data-widget_type=\"text-editor.default\">\n\t\t\t\t<div class=\"elementor-widget-container\">\n\t\t\t\t\t\t\t\t\t<p>Nuestro software de apuestas en l\u00ednea est\u00e1 construido con las \u00faltimas tecnolog\u00edas, asegurando fiabilidad, seguridad y satisfacci\u00f3n del usuario. Tambi\u00e9n ofrecemos soluciones de apuestas deportivas de marca blanca, permitiendo a las empresas lanzar sus propias plataformas de apuestas con su propia marca de manera r\u00e1pida y eficiente.<\/p>\t\t\t\t\t\t\t\t<\/div>\n\t\t\t\t<\/div>\n\t\t\t\t<div class=\"elementor-element elementor-element-83b3c01 elementor-widget elementor-widget-text-editor\" data-id=\"83b3c01\" data-element_type=\"widget\" data-e-type=\"widget\" data-widget_type=\"text-editor.default\">\n\t\t\t\t<div class=\"elementor-widget-container\">\n\t\t\t\t\t\t\t\t\t<p>Con una profunda comprensi\u00f3n del negocio del juego, nuestro equipo en BSW se dedica a proporcionar soluciones de apuestas innovadoras que impulsan el crecimiento y la rentabilidad. Ya sea que seas un proveedor de apuestas establecido o un nuevo participante en el espacio de plataformas de juegos de azar, nuestra suite completa de productos y servicios est\u00e1 dise\u00f1ada para ayudarte a tener \u00e9xito en el competitivo mundo de las apuestas deportivas y el igaming.<\/p>\t\t\t\t\t\t\t\t<\/div>\n\t\t\t\t<\/div>\n\t\t\t\t<\/div>\n\t\t\t\t\t<\/div>\n\t\t\t\t<\/div>\n\t\t\t\t<\/div>","protected":false},"excerpt":{"rendered":"<p>About \u2014 betting software experts At BSW we are at the forefront of the betting and gambling industry, providing a comprehensive range of products and services tailored to meet the needs of the modern betting business. Our cutting-edge betting platform and advanced betting software are designed to deliver an unparalleled experience to both operators and [&hellip;]<\/p>\n","protected":false},"author":2,"featured_media":0,"parent":0,"menu_order":0,"comment_status":"closed","ping_status":"closed","template":"","meta":{"_crdt_document":"","footnotes":""},"class_list":["post-3810","page","type-page","status-publish","hentry"],"yoast_head":"<!-- This site is optimized with the Yoast SEO plugin v27.3 - https:\/\/yoast.com\/product\/yoast-seo-wordpress\/ -->\n<title>About Us - Betting Software | BSW<\/title>\n<meta name=\"description\" content=\"As a leading provider of gambling software, we specialize in creating robust sportsbook software that powers the operations of top-tier sportsbooks worldwide.\" \/>\n<meta name=\"robots\" content=\"index, follow, max-snippet:-1, max-image-preview:large, max-video-preview:-1\" \/>\n<link rel=\"canonical\" href=\"https:\/\/betting-software.online\/es\/about-us\/\" \/>\n<meta property=\"og:locale\" content=\"es_ES\" \/>\n<meta property=\"og:type\" content=\"article\" \/>\n<meta property=\"og:title\" content=\"About Us - Betting Software | BSW\" \/>\n<meta property=\"og:description\" content=\"As a leading provider of gambling software, we specialize in creating robust sportsbook software that powers the operations of top-tier sportsbooks worldwide.\" \/>\n<meta property=\"og:url\" content=\"https:\/\/betting-software.online\/es\/about-us\/\" \/>\n<meta property=\"og:site_name\" content=\"Betting Software | BSW\" \/>\n<meta property=\"article:publisher\" content=\"https:\/\/www.facebook.com\/betronic.co\" \/>\n<meta property=\"article:modified_time\" content=\"2025-09-02T10:04:36+00:00\" \/>\n<meta name=\"twitter:card\" content=\"summary_large_image\" \/>\n<meta name=\"twitter:label1\" content=\"Tiempo de lectura\" \/>\n\t<meta name=\"twitter:data1\" content=\"1 minuto\" \/>\n<script type=\"application\/ld+json\" class=\"yoast-schema-graph\">{\"@context\":\"https:\\\/\\\/schema.org\",\"@graph\":[{\"@type\":\"WebPage\",\"@id\":\"https:\\\/\\\/betting-software.online\\\/about-us\\\/\",\"url\":\"https:\\\/\\\/betting-software.online\\\/about-us\\\/\",\"name\":\"About Us - Betting Software | BSW\",\"isPartOf\":{\"@id\":\"https:\\\/\\\/betting-software.online\\\/#website\"},\"datePublished\":\"2024-08-07T11:28:15+00:00\",\"dateModified\":\"2025-09-02T10:04:36+00:00\",\"description\":\"As a leading provider of gambling software, we specialize in creating robust sportsbook software that powers the operations of top-tier sportsbooks worldwide.\",\"breadcrumb\":{\"@id\":\"https:\\\/\\\/betting-software.online\\\/about-us\\\/#breadcrumb\"},\"inLanguage\":\"es-AR\",\"potentialAction\":[{\"@type\":\"ReadAction\",\"target\":[\"https:\\\/\\\/betting-software.online\\\/about-us\\\/\"]}]},{\"@type\":\"BreadcrumbList\",\"@id\":\"https:\\\/\\\/betting-software.online\\\/about-us\\\/#breadcrumb\",\"itemListElement\":[{\"@type\":\"ListItem\",\"position\":1,\"name\":\"Home\",\"item\":\"https:\\\/\\\/betting-software.online\\\/\"},{\"@type\":\"ListItem\",\"position\":2,\"name\":\"About Us\"}]},{\"@type\":\"WebSite\",\"@id\":\"https:\\\/\\\/betting-software.online\\\/#website\",\"url\":\"https:\\\/\\\/betting-software.online\\\/\",\"name\":\"Betting Software | BSW\",\"description\":\"\",\"publisher\":{\"@id\":\"https:\\\/\\\/betting-software.online\\\/#organization\"},\"potentialAction\":[{\"@type\":\"SearchAction\",\"target\":{\"@type\":\"EntryPoint\",\"urlTemplate\":\"https:\\\/\\\/betting-software.online\\\/?s={search_term_string}\"},\"query-input\":{\"@type\":\"PropertyValueSpecification\",\"valueRequired\":true,\"valueName\":\"search_term_string\"}}],\"inLanguage\":\"es-AR\"},{\"@type\":\"Organization\",\"@id\":\"https:\\\/\\\/betting-software.online\\\/#organization\",\"name\":\"Betting Software | BSW\",\"url\":\"https:\\\/\\\/betting-software.online\\\/\",\"logo\":{\"@type\":\"ImageObject\",\"inLanguage\":\"es-AR\",\"@id\":\"https:\\\/\\\/betting-software.online\\\/#\\\/schema\\\/logo\\\/image\\\/\",\"url\":\"https:\\\/\\\/betting-software.online\\\/wp-content\\\/uploads\\\/2023\\\/10\\\/Logo.svg\",\"contentUrl\":\"https:\\\/\\\/betting-software.online\\\/wp-content\\\/uploads\\\/2023\\\/10\\\/Logo.svg\",\"width\":255,\"height\":93,\"caption\":\"Betting Software | BSW\"},\"image\":{\"@id\":\"https:\\\/\\\/betting-software.online\\\/#\\\/schema\\\/logo\\\/image\\\/\"},\"sameAs\":[\"https:\\\/\\\/www.facebook.com\\\/betronic.co\",\"https:\\\/\\\/www.instagram.com\\\/bsw_llc\",\"https:\\\/\\\/www.linkedin.com\\\/company\\\/betronic-solutions\\\/\"]}]}<\/script>\n<!-- \/ Yoast SEO plugin. -->","yoast_head_json":{"title":"Sobre Nosotros | Betting Software","description":"Proveedor l\u00edder en software de apuestas e igaming. Ofrecemos soluciones escalables y avanzadas que potencian operaciones de casas de apuestas a nivel global.","robots":{"index":"index","follow":"follow","max-snippet":"max-snippet:-1","max-image-preview":"max-image-preview:large","max-video-preview":"max-video-preview:-1"},"canonical":"https:\/\/betting-software.online\/es\/about-us\/","og_locale":"es_ES","og_type":"article","og_title":"About Us - Betting Software | BSW","og_description":"As a leading provider of gambling software, we specialize in creating robust sportsbook software that powers the operations of top-tier sportsbooks worldwide.","og_url":"https:\/\/betting-software.online\/es\/about-us\/","og_site_name":"Betting Software | BSW","article_publisher":"https:\/\/www.facebook.com\/betronic.co","article_modified_time":"2025-09-02T10:04:36+00:00","twitter_card":"summary_large_image","twitter_misc":{"Tiempo de lectura":"1 minuto"},"schema":{"@context":"https:\/\/schema.org","@graph":[{"@type":"WebPage","@id":"https:\/\/betting-software.online\/about-us\/","url":"https:\/\/betting-software.online\/about-us\/","name":"Sobre Nosotros | Betting Software","isPartOf":{"@id":"https:\/\/betting-software.online\/#website"},"datePublished":"2024-08-07T11:28:15+00:00","dateModified":"2025-09-02T10:04:36+00:00","description":"Proveedor l\u00edder en software de apuestas e igaming. Ofrecemos soluciones escalables y avanzadas que potencian operaciones de casas de apuestas a nivel global.","breadcrumb":{"@id":"https:\/\/betting-software.online\/about-us\/#breadcrumb"},"inLanguage":"es-AR","potentialAction":[{"@type":"ReadAction","target":["https:\/\/betting-software.online\/about-us\/"]}]},{"@type":"BreadcrumbList","@id":"https:\/\/betting-software.online\/about-us\/#breadcrumb","itemListElement":[{"@type":"ListItem","position":1,"name":"Home","item":"https:\/\/betting-software.online\/"},{"@type":"ListItem","position":2,"name":"About Us"}]},{"@type":"WebSite","@id":"https:\/\/betting-software.online\/#website","url":"https:\/\/betting-software.online\/","name":"Betting Software | BSW","description":"","publisher":{"@id":"https:\/\/betting-software.online\/#organization"},"potentialAction":[{"@type":"SearchAction","target":{"@type":"EntryPoint","urlTemplate":"https:\/\/betting-software.online\/?s={search_term_string}"},"query-input":{"@type":"PropertyValueSpecification","valueRequired":true,"valueName":"search_term_string"}}],"inLanguage":"es-AR"},{"@type":"Organization","@id":"https:\/\/betting-software.online\/#organization","name":"Betting Software | BSW","url":"https:\/\/betting-software.online\/","logo":{"@type":"ImageObject","inLanguage":"es-AR","@id":"https:\/\/betting-software.online\/#\/schema\/logo\/image\/","url":"https:\/\/betting-software.online\/wp-content\/uploads\/2023\/10\/Logo.svg","contentUrl":"https:\/\/betting-software.online\/wp-content\/uploads\/2023\/10\/Logo.svg","width":255,"height":93,"caption":"Betting Software | BSW"},"image":{"@id":"https:\/\/betting-software.online\/#\/schema\/logo\/image\/"},"sameAs":["https:\/\/www.facebook.com\/betronic.co","https:\/\/www.instagram.com\/bsw_llc","https:\/\/www.linkedin.com\/company\/betronic-solutions\/"]}]}},"jetpack_shortlink":"https:\/\/wp.me\/PgKU6C-Zs","_links":{"self":[{"href":"https:\/\/betting-software.online\/es\/wp-json\/wp\/v2\/pages\/3810","targetHints":{"allow":["GET"]}}],"collection":[{"href":"https:\/\/betting-software.online\/es\/wp-json\/wp\/v2\/pages"}],"about":[{"href":"https:\/\/betting-software.online\/es\/wp-json\/wp\/v2\/types\/page"}],"author":[{"embeddable":true,"href":"https:\/\/betting-software.online\/es\/wp-json\/wp\/v2\/users\/2"}],"replies":[{"embeddable":true,"href":"https:\/\/betting-software.online\/es\/wp-json\/wp\/v2\/comments?post=3810"}],"version-history":[{"count":45,"href":"https:\/\/betting-software.online\/es\/wp-json\/wp\/v2\/pages\/3810\/revisions"}],"predecessor-version":[{"id":7020,"href":"https:\/\/betting-software.online\/es\/wp-json\/wp\/v2\/pages\/3810\/revisions\/7020"}],"wp:attachment":[{"href":"https:\/\/betting-software.online\/es\/wp-json\/wp\/v2\/media?parent=3810"}],"curies":[{"name":"wp","href":"https:\/\/api.w.org\/{rel}","templated":true}]}}