{"id":1079,"date":"2023-10-13T07:04:28","date_gmt":"2023-10-13T07:04:28","guid":{"rendered":"https:\/\/bsw.richbear.space\/?page_id=1079"},"modified":"2026-03-27T08:43:39","modified_gmt":"2026-03-27T08:43:39","slug":"contact-us","status":"publish","type":"page","link":"https:\/\/betting-software.online\/pt\/contact-us\/","title":{"rendered":"Contate-nos"},"content":{"rendered":"\t\t<div data-elementor-type=\"wp-page\" data-elementor-id=\"1079\" class=\"elementor elementor-1079\" data-elementor-settings=\"{&quot;ha_cmc_init_switcher&quot;:&quot;no&quot;}\" data-elementor-post-type=\"page\">\n\t\t\t\t<div class=\"elementor-element elementor-element-2f6633b3 e-con-full e-flex e-con e-parent\" data-id=\"2f6633b3\" data-element_type=\"container\" data-e-type=\"container\" data-settings=\"{&quot;background_background&quot;:&quot;classic&quot;,&quot;_ha_eqh_enable&quot;:false}\">\n\t\t<div class=\"elementor-element elementor-element-78b69db5 e-con-full e-flex e-con e-child\" data-id=\"78b69db5\" data-element_type=\"container\" data-e-type=\"container\" data-settings=\"{&quot;_ha_eqh_enable&quot;:false}\">\n\t\t\t\t<div class=\"elementor-element elementor-element-33ecbf50 elementor-widget elementor-widget-heading\" data-id=\"33ecbf50\" data-element_type=\"widget\" data-e-type=\"widget\" data-widget_type=\"heading.default\">\n\t\t\t\t<div class=\"elementor-widget-container\">\n\t\t\t\t\t<h1 class=\"elementor-heading-title elementor-size-default\">Will you be the next one?<\/h1>\t\t\t\t<\/div>\n\t\t\t\t<\/div>\n\t\t\t\t<div class=\"elementor-element elementor-element-4e17a9ef elementor-widget elementor-widget-text-editor\" data-id=\"4e17a9ef\" data-element_type=\"widget\" data-e-type=\"widget\" data-widget_type=\"text-editor.default\">\n\t\t\t\t<div class=\"elementor-widget-container\">\n\t\t\t\t\t\t\t\t\t<p>The Betting Software system has built the success of many companies<\/p>\t\t\t\t\t\t\t\t<\/div>\n\t\t\t\t<\/div>\n\t\t\t\t<div class=\"elementor-element elementor-element-7dea043 elementor-widget__width-initial elementor-widget-mobile__width-initial elementor-widget elementor-widget-html\" data-id=\"7dea043\" data-element_type=\"widget\" data-e-type=\"widget\" data-widget_type=\"html.default\">\n\t\t\t\t<div class=\"elementor-widget-container\">\n\t\t\t\t\t<script data-b24-form=\"inline\/58\/u7x7xf\" data-skip-moving=\"true\">\r\n    window.roistatVisitCallback = function (visitId) {\r\n        window.addEventListener('b24:form:init', (event) => {\r\n            let form = event.detail.object;\r\n            form.setProperty(\"roistatID\", visitId);\r\n        });\r\n\r\n        \/\/ \ud83d\udc49 \u0414\u041e\u0411\u0410\u0412\u041b\u042f\u0415\u041c \u0420\u0415\u0414\u0418\u0420\u0415\u041a\u0422 \u041f\u041e\u0421\u041b\u0415 \u041e\u0422\u041f\u0420\u0410\u0412\u041a\u0418\r\n        window.addEventListener('b24:form:submit', function () {\r\n            window.location.href = 'https:\/\/betting-software.online\/thank-you';\r\n        });\r\n\r\n        (function(w,d,u){\r\n            var s=d.createElement('script');s.async=true;s.src=u+'?'+(Date.now()\/180000|0);\r\n            var h=d.getElementsByTagName('script')[0];h.parentNode.insertBefore(s,h);\r\n        })(window,document,'https:\/\/cdn-ru.bitrix24.ru\/b20455562\/crm\/form\/loader_58.js');\r\n    };\r\n<\/script>\t\t\t\t<\/div>\n\t\t\t\t<\/div>\n\t\t\t\t<\/div>\n\t\t<div class=\"elementor-element elementor-element-103c77e1 e-con-full elementor-hidden-desktop elementor-hidden-tablet elementor-hidden-mobile e-flex e-con e-child\" data-id=\"103c77e1\" data-element_type=\"container\" data-e-type=\"container\" data-settings=\"{&quot;_ha_eqh_enable&quot;:false}\">\n\t\t<div class=\"elementor-element elementor-element-69b1a4f7 e-con-full e-flex e-con e-child\" data-id=\"69b1a4f7\" data-element_type=\"container\" data-e-type=\"container\" data-settings=\"{&quot;_ha_eqh_enable&quot;:false}\">\n\t\t<a class=\"elementor-element elementor-element-51ebdd96 e-con-full e-transform e-transform e-flex e-con e-child\" data-id=\"51ebdd96\" data-element_type=\"container\" data-e-type=\"container\" data-settings=\"{&quot;background_background&quot;:&quot;classic&quot;,&quot;_transform_translateX_effect&quot;:{&quot;unit&quot;:&quot;px&quot;,&quot;size&quot;:0,&quot;sizes&quot;:[]},&quot;_transform_translateY_effect&quot;:{&quot;unit&quot;:&quot;px&quot;,&quot;size&quot;:0,&quot;sizes&quot;:[]},&quot;_transform_translateX_effect_hover&quot;:{&quot;unit&quot;:&quot;px&quot;,&quot;size&quot;:10,&quot;sizes&quot;:[]},&quot;_transform_translateX_effect_hover_mobile&quot;:{&quot;unit&quot;:&quot;px&quot;,&quot;size&quot;:5,&quot;sizes&quot;:[]},&quot;_transform_translateY_effect_hover&quot;:{&quot;unit&quot;:&quot;px&quot;,&quot;size&quot;:10,&quot;sizes&quot;:[]},&quot;_transform_translateY_effect_hover_mobile&quot;:{&quot;unit&quot;:&quot;px&quot;,&quot;size&quot;:5,&quot;sizes&quot;:[]},&quot;_ha_eqh_enable&quot;:false,&quot;_transform_translateX_effect_tablet&quot;:{&quot;unit&quot;:&quot;px&quot;,&quot;size&quot;:&quot;&quot;,&quot;sizes&quot;:[]},&quot;_transform_translateX_effect_mobile&quot;:{&quot;unit&quot;:&quot;px&quot;,&quot;size&quot;:&quot;&quot;,&quot;sizes&quot;:[]},&quot;_transform_translateY_effect_tablet&quot;:{&quot;unit&quot;:&quot;px&quot;,&quot;size&quot;:&quot;&quot;,&quot;sizes&quot;:[]},&quot;_transform_translateY_effect_mobile&quot;:{&quot;unit&quot;:&quot;px&quot;,&quot;size&quot;:&quot;&quot;,&quot;sizes&quot;:[]},&quot;_transform_translateX_effect_hover_tablet&quot;:{&quot;unit&quot;:&quot;px&quot;,&quot;size&quot;:&quot;&quot;,&quot;sizes&quot;:[]},&quot;_transform_translateY_effect_hover_tablet&quot;:{&quot;unit&quot;:&quot;px&quot;,&quot;size&quot;:&quot;&quot;,&quot;sizes&quot;:[]}}\" href=\"https:\/\/t.me\/+4917684958105\" target=\"_blank\">\n\t\t\t\t<div class=\"elementor-element elementor-element-3e674811 elementor-widget elementor-widget-image\" data-id=\"3e674811\" data-element_type=\"widget\" data-e-type=\"widget\" data-widget_type=\"image.default\">\n\t\t\t\t<div class=\"elementor-widget-container\">\n\t\t\t\t\t\t\t\t\t\t\t\t\t\t\t<img decoding=\"async\" src=\"https:\/\/betting-software.online\/wp-content\/uploads\/2023\/10\/telegram.svg\" title=\"telegram\" alt=\"betting-software\" loading=\"lazy\" \/>\t\t\t\t\t\t\t\t\t\t\t\t\t\t\t<\/div>\n\t\t\t\t<\/div>\n\t\t\t\t<div class=\"elementor-element elementor-element-554016e0 elementor-widget elementor-widget-heading\" data-id=\"554016e0\" data-element_type=\"widget\" data-e-type=\"widget\" data-widget_type=\"heading.default\">\n\t\t\t\t<div class=\"elementor-widget-container\">\n\t\t\t\t\t<h2 class=\"elementor-heading-title elementor-size-default\">Telegram<\/h2>\t\t\t\t<\/div>\n\t\t\t\t<\/div>\n\t\t\t\t<\/a>\n\t\t\t\t<\/div>\n\t\t<div class=\"elementor-element elementor-element-2553eb9c e-con-full e-flex e-con e-child\" data-id=\"2553eb9c\" data-element_type=\"container\" data-e-type=\"container\" data-settings=\"{&quot;_ha_eqh_enable&quot;:false}\">\n\t\t<a class=\"elementor-element elementor-element-4fd1d6b5 e-con-full e-transform e-transform e-flex e-con e-child\" data-id=\"4fd1d6b5\" data-element_type=\"container\" data-e-type=\"container\" data-settings=\"{&quot;background_background&quot;:&quot;classic&quot;,&quot;_transform_translateX_effect&quot;:{&quot;unit&quot;:&quot;px&quot;,&quot;size&quot;:0,&quot;sizes&quot;:[]},&quot;_transform_translateY_effect&quot;:{&quot;unit&quot;:&quot;px&quot;,&quot;size&quot;:0,&quot;sizes&quot;:[]},&quot;_transform_translateX_effect_hover&quot;:{&quot;unit&quot;:&quot;px&quot;,&quot;size&quot;:10,&quot;sizes&quot;:[]},&quot;_transform_translateX_effect_hover_mobile&quot;:{&quot;unit&quot;:&quot;px&quot;,&quot;size&quot;:5,&quot;sizes&quot;:[]},&quot;_transform_translateY_effect_hover&quot;:{&quot;unit&quot;:&quot;px&quot;,&quot;size&quot;:10,&quot;sizes&quot;:[]},&quot;_transform_translateY_effect_hover_mobile&quot;:{&quot;unit&quot;:&quot;px&quot;,&quot;size&quot;:5,&quot;sizes&quot;:[]},&quot;_ha_eqh_enable&quot;:false,&quot;_transform_translateX_effect_tablet&quot;:{&quot;unit&quot;:&quot;px&quot;,&quot;size&quot;:&quot;&quot;,&quot;sizes&quot;:[]},&quot;_transform_translateX_effect_mobile&quot;:{&quot;unit&quot;:&quot;px&quot;,&quot;size&quot;:&quot;&quot;,&quot;sizes&quot;:[]},&quot;_transform_translateY_effect_tablet&quot;:{&quot;unit&quot;:&quot;px&quot;,&quot;size&quot;:&quot;&quot;,&quot;sizes&quot;:[]},&quot;_transform_translateY_effect_mobile&quot;:{&quot;unit&quot;:&quot;px&quot;,&quot;size&quot;:&quot;&quot;,&quot;sizes&quot;:[]},&quot;_transform_translateX_effect_hover_tablet&quot;:{&quot;unit&quot;:&quot;px&quot;,&quot;size&quot;:&quot;&quot;,&quot;sizes&quot;:[]},&quot;_transform_translateY_effect_hover_tablet&quot;:{&quot;unit&quot;:&quot;px&quot;,&quot;size&quot;:&quot;&quot;,&quot;sizes&quot;:[]}}\" href=\"https:\/\/api.whatsapp.com\/send\/?phone=4917684958105\" target=\"_blank\">\n\t\t\t\t<div class=\"elementor-element elementor-element-42954bc elementor-widget elementor-widget-image\" data-id=\"42954bc\" data-element_type=\"widget\" data-e-type=\"widget\" data-widget_type=\"image.default\">\n\t\t\t\t<div class=\"elementor-widget-container\">\n\t\t\t\t\t\t\t\t\t\t\t\t\t\t\t<img decoding=\"async\" src=\"https:\/\/betting-software.online\/wp-content\/uploads\/2023\/10\/whatsapp.svg\" title=\"whatsapp\" alt=\"betting-software\" loading=\"lazy\" \/>\t\t\t\t\t\t\t\t\t\t\t\t\t\t\t<\/div>\n\t\t\t\t<\/div>\n\t\t\t\t<div class=\"elementor-element elementor-element-5a1b49de elementor-widget elementor-widget-heading\" data-id=\"5a1b49de\" data-element_type=\"widget\" data-e-type=\"widget\" data-widget_type=\"heading.default\">\n\t\t\t\t<div class=\"elementor-widget-container\">\n\t\t\t\t\t<h2 class=\"elementor-heading-title elementor-size-default\">Whatsapp<\/h2>\t\t\t\t<\/div>\n\t\t\t\t<\/div>\n\t\t\t\t<\/a>\n\t\t\t\t<\/div>\n\t\t\t\t<\/div>\n\t\t\t\t<\/div>\n\t\t\t\t<\/div>\n\t\t","protected":false},"excerpt":{"rendered":"<p>Will you be the next one? The Betting Software system has built the success of many companies Telegram Whatsapp<\/p>","protected":false},"author":2,"featured_media":0,"parent":0,"menu_order":0,"comment_status":"closed","ping_status":"closed","template":"","meta":{"_crdt_document":"","footnotes":""},"class_list":["post-1079","page","type-page","status-publish","hentry"],"yoast_head":"<!-- This site is optimized with the Yoast SEO plugin v27.3 - https:\/\/yoast.com\/product\/yoast-seo-wordpress\/ -->\n<title>Contact Us - Betting Software | BSW<\/title>\n<meta name=\"description\" content=\"Contact us for a demo of BSW: Betting and Casino Platform, Payments, and Integrations. We respond within one business day.\" \/>\n<meta name=\"robots\" content=\"index, follow, max-snippet:-1, max-image-preview:large, max-video-preview:-1\" \/>\n<link rel=\"canonical\" href=\"https:\/\/betting-software.online\/pt\/contact-us\/\" \/>\n<meta property=\"og:locale\" content=\"pt_BR\" \/>\n<meta property=\"og:type\" content=\"article\" \/>\n<meta property=\"og:title\" content=\"Contact Us - Betting Software | BSW\" \/>\n<meta property=\"og:description\" content=\"Contact us for a demo of BSW: Betting and Casino Platform, Payments, and Integrations. We respond within one business day.\" \/>\n<meta property=\"og:url\" content=\"https:\/\/betting-software.online\/pt\/contact-us\/\" \/>\n<meta property=\"og:site_name\" content=\"Betting Software | BSW\" \/>\n<meta property=\"article:publisher\" content=\"https:\/\/www.facebook.com\/betronic.co\" \/>\n<meta property=\"article:modified_time\" content=\"2026-03-27T08:43:39+00:00\" \/>\n<meta property=\"og:image\" content=\"https:\/\/betting-software.online\/wp-content\/uploads\/2023\/10\/telegram.svg\" \/>\n<meta name=\"twitter:card\" content=\"summary_large_image\" \/>\n<meta name=\"twitter:label1\" content=\"Est. tempo de leitura\" \/>\n\t<meta name=\"twitter:data1\" content=\"1 minuto\" \/>\n<script type=\"application\/ld+json\" class=\"yoast-schema-graph\">{\"@context\":\"https:\\\/\\\/schema.org\",\"@graph\":[{\"@type\":\"WebPage\",\"@id\":\"https:\\\/\\\/betting-software.online\\\/contact-us\\\/\",\"url\":\"https:\\\/\\\/betting-software.online\\\/contact-us\\\/\",\"name\":\"Contact Us - Betting Software | BSW\",\"isPartOf\":{\"@id\":\"https:\\\/\\\/betting-software.online\\\/#website\"},\"primaryImageOfPage\":{\"@id\":\"https:\\\/\\\/betting-software.online\\\/contact-us\\\/#primaryimage\"},\"image\":{\"@id\":\"https:\\\/\\\/betting-software.online\\\/contact-us\\\/#primaryimage\"},\"thumbnailUrl\":\"https:\\\/\\\/betting-software.online\\\/wp-content\\\/uploads\\\/2023\\\/10\\\/telegram.svg\",\"datePublished\":\"2023-10-13T07:04:28+00:00\",\"dateModified\":\"2026-03-27T08:43:39+00:00\",\"description\":\"Contact us for a demo of BSW: Betting and Casino Platform, Payments, and Integrations. We respond within one business day.\",\"breadcrumb\":{\"@id\":\"https:\\\/\\\/betting-software.online\\\/contact-us\\\/#breadcrumb\"},\"inLanguage\":\"pt-BR\",\"potentialAction\":[{\"@type\":\"ReadAction\",\"target\":[\"https:\\\/\\\/betting-software.online\\\/contact-us\\\/\"]}]},{\"@type\":\"ImageObject\",\"inLanguage\":\"pt-BR\",\"@id\":\"https:\\\/\\\/betting-software.online\\\/contact-us\\\/#primaryimage\",\"url\":\"https:\\\/\\\/betting-software.online\\\/wp-content\\\/uploads\\\/2023\\\/10\\\/telegram.svg\",\"contentUrl\":\"https:\\\/\\\/betting-software.online\\\/wp-content\\\/uploads\\\/2023\\\/10\\\/telegram.svg\"},{\"@type\":\"BreadcrumbList\",\"@id\":\"https:\\\/\\\/betting-software.online\\\/contact-us\\\/#breadcrumb\",\"itemListElement\":[{\"@type\":\"ListItem\",\"position\":1,\"name\":\"Home\",\"item\":\"https:\\\/\\\/betting-software.online\\\/\"},{\"@type\":\"ListItem\",\"position\":2,\"name\":\"Contact Us\"}]},{\"@type\":\"WebSite\",\"@id\":\"https:\\\/\\\/betting-software.online\\\/#website\",\"url\":\"https:\\\/\\\/betting-software.online\\\/\",\"name\":\"Betting Software | BSW\",\"description\":\"\",\"publisher\":{\"@id\":\"https:\\\/\\\/betting-software.online\\\/#organization\"},\"potentialAction\":[{\"@type\":\"SearchAction\",\"target\":{\"@type\":\"EntryPoint\",\"urlTemplate\":\"https:\\\/\\\/betting-software.online\\\/?s={search_term_string}\"},\"query-input\":{\"@type\":\"PropertyValueSpecification\",\"valueRequired\":true,\"valueName\":\"search_term_string\"}}],\"inLanguage\":\"pt-BR\"},{\"@type\":\"Organization\",\"@id\":\"https:\\\/\\\/betting-software.online\\\/#organization\",\"name\":\"Betting Software | BSW\",\"url\":\"https:\\\/\\\/betting-software.online\\\/\",\"logo\":{\"@type\":\"ImageObject\",\"inLanguage\":\"pt-BR\",\"@id\":\"https:\\\/\\\/betting-software.online\\\/#\\\/schema\\\/logo\\\/image\\\/\",\"url\":\"https:\\\/\\\/betting-software.online\\\/wp-content\\\/uploads\\\/2023\\\/10\\\/Logo.svg\",\"contentUrl\":\"https:\\\/\\\/betting-software.online\\\/wp-content\\\/uploads\\\/2023\\\/10\\\/Logo.svg\",\"width\":255,\"height\":93,\"caption\":\"Betting Software | BSW\"},\"image\":{\"@id\":\"https:\\\/\\\/betting-software.online\\\/#\\\/schema\\\/logo\\\/image\\\/\"},\"sameAs\":[\"https:\\\/\\\/www.facebook.com\\\/betronic.co\",\"https:\\\/\\\/www.instagram.com\\\/bsw_llc\",\"https:\\\/\\\/www.linkedin.com\\\/company\\\/betronic-solutions\\\/\"]}]}<\/script>\n<!-- \/ Yoast SEO plugin. -->","yoast_head_json":{"title":"Entre em contato conosco - Software de apostas | BSW","description":"Entre em contato conosco para uma demonstra\u00e7\u00e3o do BSW: Plataforma de Apostas e Cassino, Pagamentos e Integra\u00e7\u00f5es. Responderemos em at\u00e9 um dia \u00fatil.","robots":{"index":"index","follow":"follow","max-snippet":"max-snippet:-1","max-image-preview":"max-image-preview:large","max-video-preview":"max-video-preview:-1"},"canonical":"https:\/\/betting-software.online\/pt\/contact-us\/","og_locale":"pt_BR","og_type":"article","og_title":"Contact Us - Betting Software | BSW","og_description":"Contact us for a demo of BSW: Betting and Casino Platform, Payments, and Integrations. We respond within one business day.","og_url":"https:\/\/betting-software.online\/pt\/contact-us\/","og_site_name":"Betting Software | BSW","article_publisher":"https:\/\/www.facebook.com\/betronic.co","article_modified_time":"2026-03-27T08:43:39+00:00","og_image":[{"url":"https:\/\/betting-software.online\/wp-content\/uploads\/2023\/10\/telegram.svg","type":"","width":"","height":""}],"twitter_card":"summary_large_image","twitter_misc":{"Est. tempo de leitura":"1 minuto"},"schema":{"@context":"https:\/\/schema.org","@graph":[{"@type":"WebPage","@id":"https:\/\/betting-software.online\/contact-us\/","url":"https:\/\/betting-software.online\/contact-us\/","name":"Entre em contato conosco - Software de apostas | BSW","isPartOf":{"@id":"https:\/\/betting-software.online\/#website"},"primaryImageOfPage":{"@id":"https:\/\/betting-software.online\/contact-us\/#primaryimage"},"image":{"@id":"https:\/\/betting-software.online\/contact-us\/#primaryimage"},"thumbnailUrl":"https:\/\/betting-software.online\/wp-content\/uploads\/2023\/10\/telegram.svg","datePublished":"2023-10-13T07:04:28+00:00","dateModified":"2026-03-27T08:43:39+00:00","description":"Entre em contato conosco para uma demonstra\u00e7\u00e3o do BSW: Plataforma de Apostas e Cassino, Pagamentos e Integra\u00e7\u00f5es. Responderemos em at\u00e9 um dia \u00fatil.","breadcrumb":{"@id":"https:\/\/betting-software.online\/contact-us\/#breadcrumb"},"inLanguage":"pt-BR","potentialAction":[{"@type":"ReadAction","target":["https:\/\/betting-software.online\/contact-us\/"]}]},{"@type":"ImageObject","inLanguage":"pt-BR","@id":"https:\/\/betting-software.online\/contact-us\/#primaryimage","url":"https:\/\/betting-software.online\/wp-content\/uploads\/2023\/10\/telegram.svg","contentUrl":"https:\/\/betting-software.online\/wp-content\/uploads\/2023\/10\/telegram.svg"},{"@type":"BreadcrumbList","@id":"https:\/\/betting-software.online\/contact-us\/#breadcrumb","itemListElement":[{"@type":"ListItem","position":1,"name":"Home","item":"https:\/\/betting-software.online\/"},{"@type":"ListItem","position":2,"name":"Contact Us"}]},{"@type":"WebSite","@id":"https:\/\/betting-software.online\/#website","url":"https:\/\/betting-software.online\/","name":"Software de apostas | BSW","description":"","publisher":{"@id":"https:\/\/betting-software.online\/#organization"},"potentialAction":[{"@type":"SearchAction","target":{"@type":"EntryPoint","urlTemplate":"https:\/\/betting-software.online\/?s={search_term_string}"},"query-input":{"@type":"PropertyValueSpecification","valueRequired":true,"valueName":"search_term_string"}}],"inLanguage":"pt-BR"},{"@type":"Organization","@id":"https:\/\/betting-software.online\/#organization","name":"Software de apostas | BSW","url":"https:\/\/betting-software.online\/","logo":{"@type":"ImageObject","inLanguage":"pt-BR","@id":"https:\/\/betting-software.online\/#\/schema\/logo\/image\/","url":"https:\/\/betting-software.online\/wp-content\/uploads\/2023\/10\/Logo.svg","contentUrl":"https:\/\/betting-software.online\/wp-content\/uploads\/2023\/10\/Logo.svg","width":255,"height":93,"caption":"Betting Software | BSW"},"image":{"@id":"https:\/\/betting-software.online\/#\/schema\/logo\/image\/"},"sameAs":["https:\/\/www.facebook.com\/betronic.co","https:\/\/www.instagram.com\/bsw_llc","https:\/\/www.linkedin.com\/company\/betronic-solutions\/"]}]}},"jetpack_shortlink":"https:\/\/wp.me\/PgKU6C-hp","_links":{"self":[{"href":"https:\/\/betting-software.online\/pt\/wp-json\/wp\/v2\/pages\/1079","targetHints":{"allow":["GET"]}}],"collection":[{"href":"https:\/\/betting-software.online\/pt\/wp-json\/wp\/v2\/pages"}],"about":[{"href":"https:\/\/betting-software.online\/pt\/wp-json\/wp\/v2\/types\/page"}],"author":[{"embeddable":true,"href":"https:\/\/betting-software.online\/pt\/wp-json\/wp\/v2\/users\/2"}],"replies":[{"embeddable":true,"href":"https:\/\/betting-software.online\/pt\/wp-json\/wp\/v2\/comments?post=1079"}],"version-history":[{"count":49,"href":"https:\/\/betting-software.online\/pt\/wp-json\/wp\/v2\/pages\/1079\/revisions"}],"predecessor-version":[{"id":7259,"href":"https:\/\/betting-software.online\/pt\/wp-json\/wp\/v2\/pages\/1079\/revisions\/7259"}],"wp:attachment":[{"href":"https:\/\/betting-software.online\/pt\/wp-json\/wp\/v2\/media?parent=1079"}],"curies":[{"name":"wp","href":"https:\/\/api.w.org\/{rel}","templated":true}]}}