{"id":3810,"date":"2024-08-07T11:28:15","date_gmt":"2024-08-07T11:28:15","guid":{"rendered":"https:\/\/betting-software.online\/?page_id=3810"},"modified":"2025-09-02T10:04:36","modified_gmt":"2025-09-02T10:04:36","slug":"about-us","status":"publish","type":"page","link":"https:\/\/betting-software.online\/sr\/about-us\/","title":{"rendered":"O Nama"},"content":{"rendered":"<div data-elementor-type=\"wp-page\" data-elementor-id=\"3810\" class=\"elementor elementor-3810\" data-elementor-settings=\"{&quot;ha_cmc_init_switcher&quot;:&quot;no&quot;}\" data-elementor-post-type=\"page\">\n\t\t\t\t<div class=\"elementor-element elementor-element-5f1da7da e-flex e-con-boxed e-con e-parent\" data-id=\"5f1da7da\" data-element_type=\"container\" data-e-type=\"container\" data-settings=\"{&quot;background_background&quot;:&quot;classic&quot;,&quot;_ha_eqh_enable&quot;:false}\">\n\t\t\t\t\t<div class=\"e-con-inner\">\n\t\t<div class=\"elementor-element elementor-element-162ae7a8 e-con-full e-flex e-con e-child\" data-id=\"162ae7a8\" data-element_type=\"container\" data-e-type=\"container\" data-settings=\"{&quot;_ha_eqh_enable&quot;:false}\">\n\t\t\t\t<div class=\"elementor-element elementor-element-5b651a3d elementor-widget__width-initial elementor-widget elementor-widget-heading\" data-id=\"5b651a3d\" data-element_type=\"widget\" data-e-type=\"widget\" data-widget_type=\"heading.default\">\n\t\t\t\t<div class=\"elementor-widget-container\">\n\t\t\t\t\t<h1 class=\"elementor-heading-title elementor-size-default\">\u041e \u043d\u0430\u043c\u0430 \u2014 \u0441\u0442\u0440\u0443\u0447\u045a\u0430\u0446\u0438 \u0437\u0430 \u0441\u043e\u0444\u0442\u0432\u0435\u0440 \u0437\u0430 \u043a\u043b\u0430\u0452\u0435\u045a\u0435<\/h1>\t\t\t\t<\/div>\n\t\t\t\t<\/div>\n\t\t\t\t<div class=\"elementor-element elementor-element-2bf41591 elementor-widget elementor-widget-text-editor\" data-id=\"2bf41591\" data-element_type=\"widget\" data-e-type=\"widget\" data-widget_type=\"text-editor.default\">\n\t\t\t\t<div class=\"elementor-widget-container\">\n\t\t\t\t\t\t\t\t\t<p>U BSW-u smo na \u010delu industrije kla\u0111enja i kockanja, nude\u0107i sveobuhvatan asortiman proizvoda i usluga prilago\u0111enih potrebama savremenog kla\u0111enja. Na\u0161a najmodernija platforma za kla\u0111enje i napredni softver za kla\u0111enje dizajnirani su da pru\u017ee neuporedivo iskustvo kako operaterima, tako i korisnicima.<\/p>\t\t\t\t\t\t\t\t<\/div>\n\t\t\t\t<\/div>\n\t\t\t\t<div class=\"elementor-element elementor-element-7deb469e elementor-widget elementor-widget-text-editor\" data-id=\"7deb469e\" data-element_type=\"widget\" data-e-type=\"widget\" data-widget_type=\"text-editor.default\">\n\t\t\t\t<div class=\"elementor-widget-container\">\n\t\t\t\t\t\t\t\t\t<p>Kao vode\u0107i provajder softvera za kockanje, specijalizovani smo za kreiranje robusnog softvera za sportsko kla\u0111enje koji pokre\u0107e rad vrhunskih kladionica \u0161irom sveta. Na\u0161a igaming platforma i igaming re\u0161enje omogu\u0107avaju besprekornu integraciju i skalabilnost, \u010dine\u0107i nas po\u017eeljnim izborom za provajdere kladionica koji \u017eele da unaprede svoju ponudu.<\/p>\t\t\t\t\t\t\t\t<\/div>\n\t\t\t\t<\/div>\n\t\t\t\t<div class=\"elementor-element elementor-element-8a1afd4 elementor-widget elementor-widget-text-editor\" data-id=\"8a1afd4\" data-element_type=\"widget\" data-e-type=\"widget\" data-widget_type=\"text-editor.default\">\n\t\t\t\t<div class=\"elementor-widget-container\">\n\t\t\t\t\t\t\t\t\t<p>Na\u0161 softver za online kla\u0111enje je razvijen sa najnovijim tehnologijama, obezbe\u0111uju\u0107i pouzdanost, sigurnost i zadovoljstvo korisnika. Tako\u0111e nudimo re\u0161enja za sportsko kla\u0111enje sa belim etiketama, omogu\u0107avaju\u0107i preduze\u0107ima da brzo i efikasno pokrenu svoje brendirane platforme za kla\u0111enje.<\/p>\t\t\t\t\t\t\t\t<\/div>\n\t\t\t\t<\/div>\n\t\t\t\t<div class=\"elementor-element elementor-element-83b3c01 elementor-widget elementor-widget-text-editor\" data-id=\"83b3c01\" data-element_type=\"widget\" data-e-type=\"widget\" data-widget_type=\"text-editor.default\">\n\t\t\t\t<div class=\"elementor-widget-container\">\n\t\t\t\t\t\t\t\t\t<p>Sa dubokim razumevanjem industrije kockanja, na\u0161 tim u BSW posve\u0107en je pru\u017eanju inovativnih re\u0161enja za kla\u0111enje koja podsti\u010du rast i profitabilnost. Bilo da ste etablirani provajder kla\u0111enja ili novi igra\u010d u oblasti platformi za kockanje, na\u0161 sveobuhvatan paket proizvoda i usluga je dizajniran da vam pomogne da uspe\u0161no funkcioni\u0161ete u konkurentnom svetu sportskog kla\u0111enja i igaminga.<\/p>\t\t\t\t\t\t\t\t<\/div>\n\t\t\t\t<\/div>\n\t\t\t\t<\/div>\n\t\t\t\t\t<\/div>\n\t\t\t\t<\/div>\n\t\t\t\t<\/div>","protected":false},"excerpt":{"rendered":"<p>About \u2014 betting software experts At BSW we are at the forefront of the betting and gambling industry, providing a comprehensive range of products and services tailored to meet the needs of the modern betting business. Our cutting-edge betting platform and advanced betting software are designed to deliver an unparalleled experience to both operators and [&hellip;]<\/p>\n","protected":false},"author":2,"featured_media":0,"parent":0,"menu_order":0,"comment_status":"closed","ping_status":"closed","template":"","meta":{"_crdt_document":"","footnotes":""},"class_list":["post-3810","page","type-page","status-publish","hentry"],"yoast_head":"<!-- This site is optimized with the Yoast SEO plugin v27.2 - https:\/\/yoast.com\/product\/yoast-seo-wordpress\/ -->\n<title>About Us - Betting Software | BSW<\/title>\n<meta name=\"description\" content=\"As a leading provider of gambling software, we specialize in creating robust sportsbook software that powers the operations of top-tier sportsbooks worldwide.\" \/>\n<meta name=\"robots\" content=\"index, follow, max-snippet:-1, max-image-preview:large, max-video-preview:-1\" \/>\n<link rel=\"canonical\" href=\"https:\/\/betting-software.online\/sr\/about-us\/\" \/>\n<meta property=\"og:locale\" content=\"sr_RS\" \/>\n<meta property=\"og:type\" content=\"article\" \/>\n<meta property=\"og:title\" content=\"About Us - Betting Software | BSW\" \/>\n<meta property=\"og:description\" content=\"As a leading provider of gambling software, we specialize in creating robust sportsbook software that powers the operations of top-tier sportsbooks worldwide.\" \/>\n<meta property=\"og:url\" content=\"https:\/\/betting-software.online\/sr\/about-us\/\" \/>\n<meta property=\"og:site_name\" content=\"Betting Software | BSW\" \/>\n<meta property=\"article:publisher\" content=\"https:\/\/www.facebook.com\/betronic.co\" \/>\n<meta property=\"article:modified_time\" content=\"2025-09-02T10:04:36+00:00\" \/>\n<meta name=\"twitter:card\" content=\"summary_large_image\" \/>\n<meta name=\"twitter:label1\" content=\"\u041f\u0440\u043e\u0446\u0435\u045a\u0435\u043d\u043e \u0432\u0440\u0435\u043c\u0435 \u0447\u0438\u0442\u0430\u045a\u0430\" \/>\n\t<meta name=\"twitter:data1\" content=\"1 \u043c\u0438\u043d\u0443\u0442\" \/>\n<script type=\"application\/ld+json\" class=\"yoast-schema-graph\">{\"@context\":\"https:\/\/schema.org\",\"@graph\":[{\"@type\":\"WebPage\",\"@id\":\"https:\/\/betting-software.online\/about-us\/\",\"url\":\"https:\/\/betting-software.online\/about-us\/\",\"name\":\"About Us - Betting Software | BSW\",\"isPartOf\":{\"@id\":\"https:\/\/betting-software.online\/#website\"},\"datePublished\":\"2024-08-07T11:28:15+00:00\",\"dateModified\":\"2025-09-02T10:04:36+00:00\",\"description\":\"As a leading provider of gambling software, we specialize in creating robust sportsbook software that powers the operations of top-tier sportsbooks worldwide.\",\"breadcrumb\":{\"@id\":\"https:\/\/betting-software.online\/about-us\/#breadcrumb\"},\"inLanguage\":\"sr-RS\",\"potentialAction\":[{\"@type\":\"ReadAction\",\"target\":[\"https:\/\/betting-software.online\/about-us\/\"]}]},{\"@type\":\"BreadcrumbList\",\"@id\":\"https:\/\/betting-software.online\/about-us\/#breadcrumb\",\"itemListElement\":[{\"@type\":\"ListItem\",\"position\":1,\"name\":\"Home\",\"item\":\"https:\/\/betting-software.online\/\"},{\"@type\":\"ListItem\",\"position\":2,\"name\":\"About Us\"}]},{\"@type\":\"WebSite\",\"@id\":\"https:\/\/betting-software.online\/#website\",\"url\":\"https:\/\/betting-software.online\/\",\"name\":\"Betting Software | BSW\",\"description\":\"\",\"publisher\":{\"@id\":\"https:\/\/betting-software.online\/#organization\"},\"potentialAction\":[{\"@type\":\"SearchAction\",\"target\":{\"@type\":\"EntryPoint\",\"urlTemplate\":\"https:\/\/betting-software.online\/?s={search_term_string}\"},\"query-input\":{\"@type\":\"PropertyValueSpecification\",\"valueRequired\":true,\"valueName\":\"search_term_string\"}}],\"inLanguage\":\"sr-RS\"},{\"@type\":\"Organization\",\"@id\":\"https:\/\/betting-software.online\/#organization\",\"name\":\"Betting Software | BSW\",\"url\":\"https:\/\/betting-software.online\/\",\"logo\":{\"@type\":\"ImageObject\",\"inLanguage\":\"sr-RS\",\"@id\":\"https:\/\/betting-software.online\/#\/schema\/logo\/image\/\",\"url\":\"https:\/\/betting-software.online\/wp-content\/uploads\/2023\/10\/Logo.svg\",\"contentUrl\":\"https:\/\/betting-software.online\/wp-content\/uploads\/2023\/10\/Logo.svg\",\"width\":255,\"height\":93,\"caption\":\"Betting Software | BSW\"},\"image\":{\"@id\":\"https:\/\/betting-software.online\/#\/schema\/logo\/image\/\"},\"sameAs\":[\"https:\/\/www.facebook.com\/betronic.co\",\"https:\/\/www.instagram.com\/bsw_llc\",\"https:\/\/www.linkedin.com\/company\/betronic-solutions\/\"]}]}<\/script>\n<!-- \/ Yoast SEO plugin. -->","yoast_head_json":{"title":"\u041e \u043d\u0430\u043c\u0430 - \u0421\u043e\u0444\u0442\u0432\u0435\u0440 \u0437\u0430 \u043a\u043b\u0430\u0452\u0435\u045a\u0435 | BSW","description":"\u041a\u0430\u043e \u0432\u043e\u0434\u0435\u045b\u0438 \u0434\u043e\u0431\u0430\u0432\u0459\u0430\u0447 \u0441\u043e\u0444\u0442\u0432\u0435\u0440\u0430 \u0437\u0430 \u043a\u043e\u0446\u043a\u0430\u045a\u0435, \u0441\u043f\u0435\u0446\u0438\u0458\u0430\u043b\u0438\u0437\u043e\u0432\u0430\u043d\u0438 \u0441\u043c\u043e \u0437\u0430 \u043a\u0440\u0435\u0438\u0440\u0430\u045a\u0435 \u0440\u043e\u0431\u0443\u0441\u043d\u043e\u0433 \u0441\u043e\u0444\u0442\u0432\u0435\u0440\u0430 \u0437\u0430 \u0441\u043f\u043e\u0440\u0442\u0441\u043a\u043e \u043a\u043b\u0430\u0452\u0435\u045a\u0435 \u043a\u043e\u0458\u0438 \u043f\u043e\u043a\u0440\u0435\u045b\u0435 \u0440\u0430\u0434 \u0432\u0440\u0445\u0443\u043d\u0441\u043a\u0438\u0445 \u0441\u043f\u043e\u0440\u0442\u0441\u043a\u0438\u0445 \u043a\u043b\u0430\u0434\u0438\u043e\u043d\u0438\u0446\u0430 \u0448\u0438\u0440\u043e\u043c \u0441\u0432\u0435\u0442\u0430.","robots":{"index":"index","follow":"follow","max-snippet":"max-snippet:-1","max-image-preview":"max-image-preview:large","max-video-preview":"max-video-preview:-1"},"canonical":"https:\/\/betting-software.online\/sr\/about-us\/","og_locale":"sr_RS","og_type":"article","og_title":"About Us - Betting Software | BSW","og_description":"As a leading provider of gambling software, we specialize in creating robust sportsbook software that powers the operations of top-tier sportsbooks worldwide.","og_url":"https:\/\/betting-software.online\/sr\/about-us\/","og_site_name":"Betting Software | BSW","article_publisher":"https:\/\/www.facebook.com\/betronic.co","article_modified_time":"2025-09-02T10:04:36+00:00","twitter_card":"summary_large_image","twitter_misc":{"\u041f\u0440\u043e\u0446\u0435\u045a\u0435\u043d\u043e \u0432\u0440\u0435\u043c\u0435 \u0447\u0438\u0442\u0430\u045a\u0430":"1 \u043c\u0438\u043d\u0443\u0442"},"schema":{"@context":"https:\/\/schema.org","@graph":[{"@type":"WebPage","@id":"https:\/\/betting-software.online\/about-us\/","url":"https:\/\/betting-software.online\/about-us\/","name":"\u041e \u043d\u0430\u043c\u0430 - \u0421\u043e\u0444\u0442\u0432\u0435\u0440 \u0437\u0430 \u043a\u043b\u0430\u0452\u0435\u045a\u0435 | BSW","isPartOf":{"@id":"https:\/\/betting-software.online\/#website"},"datePublished":"2024-08-07T11:28:15+00:00","dateModified":"2025-09-02T10:04:36+00:00","description":"\u041a\u0430\u043e \u0432\u043e\u0434\u0435\u045b\u0438 \u0434\u043e\u0431\u0430\u0432\u0459\u0430\u0447 \u0441\u043e\u0444\u0442\u0432\u0435\u0440\u0430 \u0437\u0430 \u043a\u043e\u0446\u043a\u0430\u045a\u0435, \u0441\u043f\u0435\u0446\u0438\u0458\u0430\u043b\u0438\u0437\u043e\u0432\u0430\u043d\u0438 \u0441\u043c\u043e \u0437\u0430 \u043a\u0440\u0435\u0438\u0440\u0430\u045a\u0435 \u0440\u043e\u0431\u0443\u0441\u043d\u043e\u0433 \u0441\u043e\u0444\u0442\u0432\u0435\u0440\u0430 \u0437\u0430 \u0441\u043f\u043e\u0440\u0442\u0441\u043a\u043e \u043a\u043b\u0430\u0452\u0435\u045a\u0435 \u043a\u043e\u0458\u0438 \u043f\u043e\u043a\u0440\u0435\u045b\u0435 \u0440\u0430\u0434 \u0432\u0440\u0445\u0443\u043d\u0441\u043a\u0438\u0445 \u0441\u043f\u043e\u0440\u0442\u0441\u043a\u0438\u0445 \u043a\u043b\u0430\u0434\u0438\u043e\u043d\u0438\u0446\u0430 \u0448\u0438\u0440\u043e\u043c \u0441\u0432\u0435\u0442\u0430.","breadcrumb":{"@id":"https:\/\/betting-software.online\/about-us\/#breadcrumb"},"inLanguage":"sr-RS","potentialAction":[{"@type":"ReadAction","target":["https:\/\/betting-software.online\/about-us\/"]}]},{"@type":"BreadcrumbList","@id":"https:\/\/betting-software.online\/about-us\/#breadcrumb","itemListElement":[{"@type":"ListItem","position":1,"name":"Home","item":"https:\/\/betting-software.online\/"},{"@type":"ListItem","position":2,"name":"About Us"}]},{"@type":"WebSite","@id":"https:\/\/betting-software.online\/#website","url":"https:\/\/betting-software.online\/","name":"\u0421\u043e\u0444\u0442\u0432\u0435\u0440 \u0437\u0430 \u043a\u043b\u0430\u0452\u0435\u045a\u0435 | \u0411\u0421\u0412","description":"","publisher":{"@id":"https:\/\/betting-software.online\/#organization"},"potentialAction":[{"@type":"SearchAction","target":{"@type":"EntryPoint","urlTemplate":"https:\/\/betting-software.online\/?s={search_term_string}"},"query-input":{"@type":"PropertyValueSpecification","valueRequired":true,"valueName":"search_term_string"}}],"inLanguage":"sr-RS"},{"@type":"Organization","@id":"https:\/\/betting-software.online\/#organization","name":"\u0421\u043e\u0444\u0442\u0432\u0435\u0440 \u0437\u0430 \u043a\u043b\u0430\u0452\u0435\u045a\u0435 | \u0411\u0421\u0412","url":"https:\/\/betting-software.online\/","logo":{"@type":"ImageObject","inLanguage":"sr-RS","@id":"https:\/\/betting-software.online\/#\/schema\/logo\/image\/","url":"https:\/\/betting-software.online\/wp-content\/uploads\/2023\/10\/Logo.svg","contentUrl":"https:\/\/betting-software.online\/wp-content\/uploads\/2023\/10\/Logo.svg","width":255,"height":93,"caption":"Betting Software | BSW"},"image":{"@id":"https:\/\/betting-software.online\/#\/schema\/logo\/image\/"},"sameAs":["https:\/\/www.facebook.com\/betronic.co","https:\/\/www.instagram.com\/bsw_llc","https:\/\/www.linkedin.com\/company\/betronic-solutions\/"]}]}},"jetpack_shortlink":"https:\/\/wp.me\/PgKU6C-Zs","_links":{"self":[{"href":"https:\/\/betting-software.online\/sr\/wp-json\/wp\/v2\/pages\/3810","targetHints":{"allow":["GET"]}}],"collection":[{"href":"https:\/\/betting-software.online\/sr\/wp-json\/wp\/v2\/pages"}],"about":[{"href":"https:\/\/betting-software.online\/sr\/wp-json\/wp\/v2\/types\/page"}],"author":[{"embeddable":true,"href":"https:\/\/betting-software.online\/sr\/wp-json\/wp\/v2\/users\/2"}],"replies":[{"embeddable":true,"href":"https:\/\/betting-software.online\/sr\/wp-json\/wp\/v2\/comments?post=3810"}],"version-history":[{"count":45,"href":"https:\/\/betting-software.online\/sr\/wp-json\/wp\/v2\/pages\/3810\/revisions"}],"predecessor-version":[{"id":7020,"href":"https:\/\/betting-software.online\/sr\/wp-json\/wp\/v2\/pages\/3810\/revisions\/7020"}],"wp:attachment":[{"href":"https:\/\/betting-software.online\/sr\/wp-json\/wp\/v2\/media?parent=3810"}],"curies":[{"name":"wp","href":"https:\/\/api.w.org\/{rel}","templated":true}]}}