{"id":3810,"date":"2024-08-07T11:28:15","date_gmt":"2024-08-07T11:28:15","guid":{"rendered":"https:\/\/betting-software.online\/?page_id=3810"},"modified":"2025-09-02T10:04:36","modified_gmt":"2025-09-02T10:04:36","slug":"about-us","status":"publish","type":"page","link":"https:\/\/betting-software.online\/tr\/about-us\/","title":{"rendered":"Biz Kimiz"},"content":{"rendered":"<div data-elementor-type=\"wp-page\" data-elementor-id=\"3810\" class=\"elementor elementor-3810\" data-elementor-settings=\"{&quot;ha_cmc_init_switcher&quot;:&quot;no&quot;}\" data-elementor-post-type=\"page\">\n\t\t\t\t<div class=\"elementor-element elementor-element-5f1da7da e-flex e-con-boxed e-con e-parent\" data-id=\"5f1da7da\" data-element_type=\"container\" data-e-type=\"container\" data-settings=\"{&quot;background_background&quot;:&quot;classic&quot;,&quot;_ha_eqh_enable&quot;:false}\">\n\t\t\t\t\t<div class=\"e-con-inner\">\n\t\t<div class=\"elementor-element elementor-element-162ae7a8 e-con-full e-flex e-con e-child\" data-id=\"162ae7a8\" data-element_type=\"container\" data-e-type=\"container\" data-settings=\"{&quot;_ha_eqh_enable&quot;:false}\">\n\t\t\t\t<div class=\"elementor-element elementor-element-5b651a3d elementor-widget__width-initial elementor-widget elementor-widget-heading\" data-id=\"5b651a3d\" data-element_type=\"widget\" data-e-type=\"widget\" data-widget_type=\"heading.default\">\n\t\t\t\t<div class=\"elementor-widget-container\">\n\t\t\t\t\t<h1 class=\"elementor-heading-title elementor-size-default\">Hakk\u0131nda \u2014 bahis yaz\u0131l\u0131m\u0131 uzmanlar\u0131<\/h1>\t\t\t\t<\/div>\n\t\t\t\t<\/div>\n\t\t\t\t<div class=\"elementor-element elementor-element-2bf41591 elementor-widget elementor-widget-text-editor\" data-id=\"2bf41591\" data-element_type=\"widget\" data-e-type=\"widget\" data-widget_type=\"text-editor.default\">\n\t\t\t\t<div class=\"elementor-widget-container\">\n\t\t\t\t\t\t\t\t\t<p>BSW'de, modern bahis i\u015fletmesinin ihtiya\u00e7lar\u0131n\u0131 kar\u015f\u0131lamak \u00fczere tasarlanm\u0131\u015f kapsaml\u0131 bir \u00fcr\u00fcn ve hizmet yelpazesi sunarak bahis ve kumar end\u00fcstrisinin \u00f6n saflar\u0131nda yer al\u0131yoruz. En son teknolojiyle donat\u0131lm\u0131\u015f bahis platformumuz ve geli\u015fmi\u015f bahis yaz\u0131l\u0131m\u0131m\u0131z, hem operat\u00f6rlere hem de kullan\u0131c\u0131lara benzersiz bir deneyim sunmak i\u00e7in tasarlanm\u0131\u015ft\u0131r.<\/p>\t\t\t\t\t\t\t\t<\/div>\n\t\t\t\t<\/div>\n\t\t\t\t<div class=\"elementor-element elementor-element-7deb469e elementor-widget elementor-widget-text-editor\" data-id=\"7deb469e\" data-element_type=\"widget\" data-e-type=\"widget\" data-widget_type=\"text-editor.default\">\n\t\t\t\t<div class=\"elementor-widget-container\">\n\t\t\t\t\t\t\t\t\t<p>Kumar yaz\u0131l\u0131m\u0131nda lider bir sa\u011flay\u0131c\u0131 olarak, d\u00fcnya \u00e7ap\u0131ndaki \u00fcst d\u00fczey spor bahislerinin operasyonlar\u0131n\u0131 destekleyen sa\u011flam spor bahisleri yaz\u0131l\u0131m\u0131 geli\u015ftirmeye odaklan\u0131yoruz. \u0130gamming platformumuz ve igaming \u00e7\u00f6z\u00fcm\u00fcm\u00fcz, sorunsuz entegrasyon ve \u00f6l\u00e7eklenebilirlik sa\u011flamakta, bu da bizi spor bahisleri sa\u011flay\u0131c\u0131lar\u0131n\u0131n tekliflerimizi geli\u015ftirmelerine yard\u0131mc\u0131 olacak tercih edilen bir se\u00e7enek yapmaktad\u0131r.<\/p>\t\t\t\t\t\t\t\t<\/div>\n\t\t\t\t<\/div>\n\t\t\t\t<div class=\"elementor-element elementor-element-8a1afd4 elementor-widget elementor-widget-text-editor\" data-id=\"8a1afd4\" data-element_type=\"widget\" data-e-type=\"widget\" data-widget_type=\"text-editor.default\">\n\t\t\t\t<div class=\"elementor-widget-container\">\n\t\t\t\t\t\t\t\t\t<p>\u00c7evrimi\u00e7i bahis yaz\u0131l\u0131m\u0131m\u0131z, en son teknolojilerle in\u015fa edilmi\u015ftir ve g\u00fcvenilirlik, g\u00fcvenlik ve kullan\u0131c\u0131 memnuniyetini garanti eder. Ayr\u0131ca, i\u015fletmelerin kendi markal\u0131 bahis platformlar\u0131n\u0131 h\u0131zl\u0131 ve verimli bir \u015fekilde ba\u015flatmalar\u0131n\u0131 sa\u011flayan beyaz etiket spor bahisleri \u00e7\u00f6z\u00fcmleri sunmaktay\u0131z.<\/p>\t\t\t\t\t\t\t\t<\/div>\n\t\t\t\t<\/div>\n\t\t\t\t<div class=\"elementor-element elementor-element-83b3c01 elementor-widget elementor-widget-text-editor\" data-id=\"83b3c01\" data-element_type=\"widget\" data-e-type=\"widget\" data-widget_type=\"text-editor.default\">\n\t\t\t\t<div class=\"elementor-widget-container\">\n\t\t\t\t\t\t\t\t\t<p>Kumar i\u015fini derinlemesine anlayan BSW ekibimiz, b\u00fcy\u00fcme ve k\u00e2rl\u0131l\u0131\u011f\u0131 te\u015fvik eden yenilik\u00e7i bahis \u00e7\u00f6z\u00fcmleri sunmaya kendini adam\u0131\u015ft\u0131r. \u0130ster k\u00f6kl\u00fc bir bahis sa\u011flay\u0131c\u0131s\u0131 olun, ister kumar platformu alan\u0131nda yeni bir giri\u015fimci olun, kapsaml\u0131 \u00fcr\u00fcn ve hizmet yelpazemiz, spor bahisleri ve igaming d\u00fcnyas\u0131nda ba\u015far\u0131l\u0131 olman\u0131za yard\u0131mc\u0131 olmak i\u00e7in tasarlanm\u0131\u015ft\u0131r.<\/p>\t\t\t\t\t\t\t\t<\/div>\n\t\t\t\t<\/div>\n\t\t\t\t<\/div>\n\t\t\t\t\t<\/div>\n\t\t\t\t<\/div>\n\t\t\t\t<\/div>","protected":false},"excerpt":{"rendered":"<p>About \u2014 betting software experts At BSW we are at the forefront of the betting and gambling industry, providing a comprehensive range of products and services tailored to meet the needs of the modern betting business. Our cutting-edge betting platform and advanced betting software are designed to deliver an unparalleled experience to both operators and [&hellip;]<\/p>\n","protected":false},"author":2,"featured_media":0,"parent":0,"menu_order":0,"comment_status":"closed","ping_status":"closed","template":"","meta":{"_crdt_document":"","footnotes":""},"class_list":["post-3810","page","type-page","status-publish","hentry"],"yoast_head":"<!-- This site is optimized with the Yoast SEO plugin v27.4 - https:\/\/yoast.com\/product\/yoast-seo-wordpress\/ -->\n<title>About Us - Betting Software | BSW<\/title>\n<meta name=\"description\" content=\"As a leading provider of gambling software, we specialize in creating robust sportsbook software that powers the operations of top-tier sportsbooks worldwide.\" \/>\n<meta name=\"robots\" content=\"index, follow, max-snippet:-1, max-image-preview:large, max-video-preview:-1\" \/>\n<link rel=\"canonical\" href=\"https:\/\/betting-software.online\/tr\/about-us\/\" \/>\n<meta property=\"og:locale\" content=\"tr_TR\" \/>\n<meta property=\"og:type\" content=\"article\" \/>\n<meta property=\"og:title\" content=\"About Us - Betting Software | BSW\" \/>\n<meta property=\"og:description\" content=\"As a leading provider of gambling software, we specialize in creating robust sportsbook software that powers the operations of top-tier sportsbooks worldwide.\" \/>\n<meta property=\"og:url\" content=\"https:\/\/betting-software.online\/tr\/about-us\/\" \/>\n<meta property=\"og:site_name\" content=\"Betting Software | BSW\" \/>\n<meta property=\"article:publisher\" content=\"https:\/\/www.facebook.com\/betronic.co\" \/>\n<meta property=\"article:modified_time\" content=\"2025-09-02T10:04:36+00:00\" \/>\n<meta name=\"twitter:card\" content=\"summary_large_image\" \/>\n<meta name=\"twitter:label1\" content=\"Tahmini okuma s\u00fcresi\" \/>\n\t<meta name=\"twitter:data1\" content=\"1 dakika\" \/>\n<script type=\"application\/ld+json\" class=\"yoast-schema-graph\">{\"@context\":\"https:\\\/\\\/schema.org\",\"@graph\":[{\"@type\":\"WebPage\",\"@id\":\"https:\\\/\\\/betting-software.online\\\/about-us\\\/\",\"url\":\"https:\\\/\\\/betting-software.online\\\/about-us\\\/\",\"name\":\"About Us - Betting Software | BSW\",\"isPartOf\":{\"@id\":\"https:\\\/\\\/betting-software.online\\\/#website\"},\"datePublished\":\"2024-08-07T11:28:15+00:00\",\"dateModified\":\"2025-09-02T10:04:36+00:00\",\"description\":\"As a leading provider of gambling software, we specialize in creating robust sportsbook software that powers the operations of top-tier sportsbooks worldwide.\",\"breadcrumb\":{\"@id\":\"https:\\\/\\\/betting-software.online\\\/about-us\\\/#breadcrumb\"},\"inLanguage\":\"tr\",\"potentialAction\":[{\"@type\":\"ReadAction\",\"target\":[\"https:\\\/\\\/betting-software.online\\\/about-us\\\/\"]}]},{\"@type\":\"BreadcrumbList\",\"@id\":\"https:\\\/\\\/betting-software.online\\\/about-us\\\/#breadcrumb\",\"itemListElement\":[{\"@type\":\"ListItem\",\"position\":1,\"name\":\"Home\",\"item\":\"https:\\\/\\\/betting-software.online\\\/\"},{\"@type\":\"ListItem\",\"position\":2,\"name\":\"About Us\"}]},{\"@type\":\"WebSite\",\"@id\":\"https:\\\/\\\/betting-software.online\\\/#website\",\"url\":\"https:\\\/\\\/betting-software.online\\\/\",\"name\":\"Betting Software | BSW\",\"description\":\"\",\"publisher\":{\"@id\":\"https:\\\/\\\/betting-software.online\\\/#organization\"},\"potentialAction\":[{\"@type\":\"SearchAction\",\"target\":{\"@type\":\"EntryPoint\",\"urlTemplate\":\"https:\\\/\\\/betting-software.online\\\/?s={search_term_string}\"},\"query-input\":{\"@type\":\"PropertyValueSpecification\",\"valueRequired\":true,\"valueName\":\"search_term_string\"}}],\"inLanguage\":\"tr\"},{\"@type\":\"Organization\",\"@id\":\"https:\\\/\\\/betting-software.online\\\/#organization\",\"name\":\"Betting Software | BSW\",\"url\":\"https:\\\/\\\/betting-software.online\\\/\",\"logo\":{\"@type\":\"ImageObject\",\"inLanguage\":\"tr\",\"@id\":\"https:\\\/\\\/betting-software.online\\\/#\\\/schema\\\/logo\\\/image\\\/\",\"url\":\"https:\\\/\\\/betting-software.online\\\/wp-content\\\/uploads\\\/2023\\\/10\\\/Logo.svg\",\"contentUrl\":\"https:\\\/\\\/betting-software.online\\\/wp-content\\\/uploads\\\/2023\\\/10\\\/Logo.svg\",\"width\":255,\"height\":93,\"caption\":\"Betting Software | BSW\"},\"image\":{\"@id\":\"https:\\\/\\\/betting-software.online\\\/#\\\/schema\\\/logo\\\/image\\\/\"},\"sameAs\":[\"https:\\\/\\\/www.facebook.com\\\/betronic.co\",\"https:\\\/\\\/www.instagram.com\\\/bsw_llc\",\"https:\\\/\\\/www.linkedin.com\\\/company\\\/betronic-solutions\\\/\"]}]}<\/script>\n<!-- \/ Yoast SEO plugin. -->","yoast_head_json":{"title":"Hakk\u0131m\u0131zda - Bahis Yaz\u0131l\u0131m\u0131 | BSW","description":"Kumar yaz\u0131l\u0131m\u0131 alan\u0131nda lider bir sa\u011flay\u0131c\u0131 olarak, d\u00fcnya \u00e7ap\u0131ndaki en \u00fcst d\u00fczey spor bahis sitelerinin operasyonlar\u0131n\u0131 destekleyen sa\u011flam spor bahisleri yaz\u0131l\u0131mlar\u0131 olu\u015fturma konusunda uzmanla\u015f\u0131yoruz.","robots":{"index":"index","follow":"follow","max-snippet":"max-snippet:-1","max-image-preview":"max-image-preview:large","max-video-preview":"max-video-preview:-1"},"canonical":"https:\/\/betting-software.online\/tr\/about-us\/","og_locale":"tr_TR","og_type":"article","og_title":"About Us - Betting Software | BSW","og_description":"As a leading provider of gambling software, we specialize in creating robust sportsbook software that powers the operations of top-tier sportsbooks worldwide.","og_url":"https:\/\/betting-software.online\/tr\/about-us\/","og_site_name":"Betting Software | BSW","article_publisher":"https:\/\/www.facebook.com\/betronic.co","article_modified_time":"2025-09-02T10:04:36+00:00","twitter_card":"summary_large_image","twitter_misc":{"Tahmini okuma s\u00fcresi":"1 dakika"},"schema":{"@context":"https:\/\/schema.org","@graph":[{"@type":"WebPage","@id":"https:\/\/betting-software.online\/about-us\/","url":"https:\/\/betting-software.online\/about-us\/","name":"Hakk\u0131m\u0131zda - Bahis Yaz\u0131l\u0131m\u0131 | BSW","isPartOf":{"@id":"https:\/\/betting-software.online\/#website"},"datePublished":"2024-08-07T11:28:15+00:00","dateModified":"2025-09-02T10:04:36+00:00","description":"Kumar yaz\u0131l\u0131m\u0131 alan\u0131nda lider bir sa\u011flay\u0131c\u0131 olarak, d\u00fcnya \u00e7ap\u0131ndaki en \u00fcst d\u00fczey spor bahis sitelerinin operasyonlar\u0131n\u0131 destekleyen sa\u011flam spor bahisleri yaz\u0131l\u0131mlar\u0131 olu\u015fturma konusunda uzmanla\u015f\u0131yoruz.","breadcrumb":{"@id":"https:\/\/betting-software.online\/about-us\/#breadcrumb"},"inLanguage":"tr","potentialAction":[{"@type":"ReadAction","target":["https:\/\/betting-software.online\/about-us\/"]}]},{"@type":"BreadcrumbList","@id":"https:\/\/betting-software.online\/about-us\/#breadcrumb","itemListElement":[{"@type":"ListItem","position":1,"name":"Home","item":"https:\/\/betting-software.online\/"},{"@type":"ListItem","position":2,"name":"About Us"}]},{"@type":"WebSite","@id":"https:\/\/betting-software.online\/#website","url":"https:\/\/betting-software.online\/","name":"Bahis Yaz\u0131l\u0131m\u0131 | BSW","description":"","publisher":{"@id":"https:\/\/betting-software.online\/#organization"},"potentialAction":[{"@type":"SearchAction","target":{"@type":"EntryPoint","urlTemplate":"https:\/\/betting-software.online\/?s={search_term_string}"},"query-input":{"@type":"PropertyValueSpecification","valueRequired":true,"valueName":"search_term_string"}}],"inLanguage":"tr"},{"@type":"Organization","@id":"https:\/\/betting-software.online\/#organization","name":"Bahis Yaz\u0131l\u0131m\u0131 | BSW","url":"https:\/\/betting-software.online\/","logo":{"@type":"ImageObject","inLanguage":"tr","@id":"https:\/\/betting-software.online\/#\/schema\/logo\/image\/","url":"https:\/\/betting-software.online\/wp-content\/uploads\/2023\/10\/Logo.svg","contentUrl":"https:\/\/betting-software.online\/wp-content\/uploads\/2023\/10\/Logo.svg","width":255,"height":93,"caption":"Betting Software | BSW"},"image":{"@id":"https:\/\/betting-software.online\/#\/schema\/logo\/image\/"},"sameAs":["https:\/\/www.facebook.com\/betronic.co","https:\/\/www.instagram.com\/bsw_llc","https:\/\/www.linkedin.com\/company\/betronic-solutions\/"]}]}},"jetpack_shortlink":"https:\/\/wp.me\/PgKU6C-Zs","_links":{"self":[{"href":"https:\/\/betting-software.online\/tr\/wp-json\/wp\/v2\/pages\/3810","targetHints":{"allow":["GET"]}}],"collection":[{"href":"https:\/\/betting-software.online\/tr\/wp-json\/wp\/v2\/pages"}],"about":[{"href":"https:\/\/betting-software.online\/tr\/wp-json\/wp\/v2\/types\/page"}],"author":[{"embeddable":true,"href":"https:\/\/betting-software.online\/tr\/wp-json\/wp\/v2\/users\/2"}],"replies":[{"embeddable":true,"href":"https:\/\/betting-software.online\/tr\/wp-json\/wp\/v2\/comments?post=3810"}],"version-history":[{"count":45,"href":"https:\/\/betting-software.online\/tr\/wp-json\/wp\/v2\/pages\/3810\/revisions"}],"predecessor-version":[{"id":7020,"href":"https:\/\/betting-software.online\/tr\/wp-json\/wp\/v2\/pages\/3810\/revisions\/7020"}],"wp:attachment":[{"href":"https:\/\/betting-software.online\/tr\/wp-json\/wp\/v2\/media?parent=3810"}],"curies":[{"name":"wp","href":"https:\/\/api.w.org\/{rel}","templated":true}]}}